{"id":70,"date":"2023-06-16T12:40:01","date_gmt":"2023-06-16T10:40:01","guid":{"rendered":"https:\/\/mairie-prunet31.fr\/?page_id=70"},"modified":"2024-11-11T11:11:18","modified_gmt":"2024-11-11T10:11:18","slug":"restaurants","status":"publish","type":"page","link":"https:\/\/mairie-prunet31.fr\/?page_id=70","title":{"rendered":"Restauration, H\u00e9bergements locaux et location salle des f\u00eates"},"content":{"rendered":"\n<p>Autour de Prunet, nombreux sont les restaurants, les gites et chambres d&rsquo;h\u00f4tes.<\/p>\n\n\n\n<p>Voici quelques sites non exhaustifs qui vous permettront de vous r\u00e9galer ou bien de recevoir des amis, de la famille \u00e0 proximit\u00e9 de chez vous :<\/p>\n\n\n\n<p><strong>Se restaurer :<\/strong><\/p>\n\n\n\n<p><a href=\"https:\/\/www.lauragais-tourisme.fr\/mon-sejour\/restaurants\/\">Site de l&rsquo;Office du Tourisme de Villefranche de Lauragais : Lauragais Tourisme<\/a><\/p>\n\n\n\n<p><a href=\"https:\/\/www.auxsourcesducanaldumidi.com\/ou-manger-ou-boire\">Site de l&rsquo;Office du Tourisme de Revel : Aux sources du canal du midi<\/a><\/p>\n\n\n\n<p><a href=\"https:\/\/www.tourisme-tarnagout.com\/pr%C3%A9parer-son-s%C3%A9jour\/se-r%C3%A9galer\/\">Site de l&rsquo;Office du Tourisme de Tarn Agout<\/a><\/p>\n\n\n\n<p><strong>Se loger :<\/strong><\/p>\n\n\n\n<p><a href=\"https:\/\/www.lauragais-tourisme.fr\/mon-sejour\/hebergements\/\">Site de l&rsquo;Office du Tourisme de Villefranche de Lauragais : Lauragais Tourisme<\/a><\/p>\n\n\n\n<p><a href=\"https:\/\/www.auxsourcesducanaldumidi.com\/hebergements-0\">Site de l&rsquo;Office du Tourisme de Revel : Aux sources du Canal du Midi<\/a><\/p>\n\n\n\n<p><a href=\"https:\/\/www.tourisme-tarnagout.com\/pr%C3%A9parer-son-s%C3%A9jour\/dormir\/\">Site de l&rsquo;Office du Tourime Tarn Agout<\/a><\/p>\n\n\n\n<p><strong>Location de la salle des f\u00eates de Prunet : <\/strong><\/p>\n\n\n\n<p>Vous souhaitez louer la salle des f\u00eates de Prunet, contactez-nous au 05.61.83.12.12 pour connaitre les disponibilit\u00e9s, puis t\u00e9l\u00e9charger  cette <a href=\"https:\/\/mairie-prunet31.fr\/wp-content\/uploads\/2024\/11\/CONVENTION-de-location-2023-SALLE-DES-FETES.pdf\">Convention de location de la salle des f\u00eates de Prunet<\/a>.<\/p>\n\n\n\n<p>Nous vous demanderons une attestation d&rsquo;assurance pr\u00e9cisant la date et l&rsquo;objet de la location ( anniversaire etc).<\/p>\n\n\n\n<p><\/p>\n","protected":false},"excerpt":{"rendered":"<p>Autour de Prunet, nombreux sont les restaurants, les gites et chambres d&rsquo;h\u00f4tes. Voici quelques sites non exhaustifs qui vous permettront de vous r\u00e9galer ou bien de recevoir des amis, de la famille \u00e0 proximit\u00e9 de chez vous : Se restaurer : Site de l&rsquo;Office du Tourisme de Villefranche de Lauragais : Lauragais Tourisme Site de [&hellip;]<\/p>\n","protected":false},"author":1,"featured_media":0,"parent":43,"menu_order":0,"comment_status":"closed","ping_status":"closed","template":"","meta":{"footnotes":""},"class_list":["post-70","page","type-page","status-publish","hentry"],"_links":{"self":[{"href":"https:\/\/mairie-prunet31.fr\/index.php?rest_route=\/wp\/v2\/pages\/70","targetHints":{"allow":["GET"]}}],"collection":[{"href":"https:\/\/mairie-prunet31.fr\/index.php?rest_route=\/wp\/v2\/pages"}],"about":[{"href":"https:\/\/mairie-prunet31.fr\/index.php?rest_route=\/wp\/v2\/types\/page"}],"author":[{"embeddable":true,"href":"https:\/\/mairie-prunet31.fr\/index.php?rest_route=\/wp\/v2\/users\/1"}],"replies":[{"embeddable":true,"href":"https:\/\/mairie-prunet31.fr\/index.php?rest_route=%2Fwp%2Fv2%2Fcomments&post=70"}],"version-history":[{"count":8,"href":"https:\/\/mairie-prunet31.fr\/index.php?rest_route=\/wp\/v2\/pages\/70\/revisions"}],"predecessor-version":[{"id":856,"href":"https:\/\/mairie-prunet31.fr\/index.php?rest_route=\/wp\/v2\/pages\/70\/revisions\/856"}],"up":[{"embeddable":true,"href":"https:\/\/mairie-prunet31.fr\/index.php?rest_route=\/wp\/v2\/pages\/43"}],"wp:attachment":[{"href":"https:\/\/mairie-prunet31.fr\/index.php?rest_route=%2Fwp%2Fv2%2Fmedia&parent=70"}],"curies":[{"name":"wp","href":"https:\/\/api.w.org\/{rel}","templated":true}]}}