{"id":333,"date":"2024-05-13T13:00:16","date_gmt":"2024-05-13T11:00:16","guid":{"rendered":"https:\/\/mairie-prunet31.fr\/?page_id=333"},"modified":"2024-11-11T11:12:40","modified_gmt":"2024-11-11T10:12:40","slug":"les-elections","status":"publish","type":"page","link":"https:\/\/mairie-prunet31.fr\/?page_id=333","title":{"rendered":"Les \u00e9lections"},"content":{"rendered":"\n<h3 class=\"wp-block-heading\">\u00c9lections Europ\u00e9ennes \u2013 9 juin 2024 : Comment faire une demande de procuration de vote&nbsp;?<\/h3>\n\n\n\n<figure class=\"wp-block-image size-large\"><img loading=\"lazy\" decoding=\"async\" width=\"1024\" height=\"576\" src=\"https:\/\/mairie-prunet31.fr\/wp-content\/uploads\/2024\/05\/PROCURATIONS-CITYALL-2-1024x576.jpg\" alt=\"\" class=\"wp-image-334\" srcset=\"https:\/\/mairie-prunet31.fr\/wp-content\/uploads\/2024\/05\/PROCURATIONS-CITYALL-2-1024x576.jpg 1024w, https:\/\/mairie-prunet31.fr\/wp-content\/uploads\/2024\/05\/PROCURATIONS-CITYALL-2-300x169.jpg 300w, https:\/\/mairie-prunet31.fr\/wp-content\/uploads\/2024\/05\/PROCURATIONS-CITYALL-2-768x432.jpg 768w, https:\/\/mairie-prunet31.fr\/wp-content\/uploads\/2024\/05\/PROCURATIONS-CITYALL-2.jpg 1280w\" sizes=\"auto, (max-width: 1024px) 100vw, 1024px\" \/><\/figure>\n\n\n\n<p><a href=\"https:\/\/valauperche.fr\/elections-europeennes-9-juin-2024-comment-faire-une-demande-de-procuration-de-vote\/\"><time datetime=\"2024-04-29T16:58:45+01:00\"><\/time><\/a><\/p>\n\n\n\n<p>Direction de l\u2019information l\u00e9gale et administrative (Premier ministre) \u2013 <a href=\"http:\/\/www.service-public.fr\">www.service-public.fr<\/a><\/p>\n\n\n\n<p>Vous serez absent le 9&nbsp;juin prochain&nbsp;? Vous pouvez donner procuration \u00e0 un \u00e9lecteur inscrit sur listes \u00e9lectorales afin qu\u2019il vote \u00e0 votre place. <em>Service-Public.fr<\/em> vous explique.<\/p>\n\n\n\n<p>Les \u00e9lections europ\u00e9ennes se tiendront le <strong>dimanche&nbsp;9&nbsp;juin&nbsp;2024<\/strong> et auront lieu en un tour. Si vous \u00eates absent ou si vous ne pouvez pas vous d\u00e9placer en bureau de vote, vous pouvez <a href=\"https:\/\/www.service-public.fr\/particuliers\/vosdroits\/F1604\">donner procuration<\/a> \u00e0 une personne de confiance.<\/p>\n\n\n\n<p>Vous pouvez choisir la personne de votre choix. Elle doit \u00eatre inscrite sur liste \u00e9lectorale. Dans le cadre des \u00e9lections europ\u00e9ennes, <strong>vous pouvez d\u00e9signer un citoyen europ\u00e9en<\/strong>.<\/p>\n\n\n\n<p>Le jour du vote, la personne que vous avez d\u00e9sign\u00e9e devra se rendre <strong>\u00e0 votre bureau de vote<\/strong> pour voter \u00e0 votre place.<\/p>\n\n\n\n<p>Vous pouvez faire votre demande de procuration en ligne ou via un formulaire papier.<\/p>\n\n\n\n<p>Attention &nbsp;<\/p>\n\n\n\n<p>vous pouvez donner procuration \u00e0 tout moment et jusqu\u2019\u00e0 un jour avant le scrutin. Cependant, il est conseill\u00e9 de s\u2019y prendre <strong>le plus t\u00f4t possible<\/strong> afin de s\u2019assurer que la procuration soit prise en compte par votre commune.<\/p>\n\n\n\n<p>\u00c0 noter<\/p>\n\n\n\n<p><a href=\"https:\/\/www.service-public.fr\/particuliers\/vosdroits\/F34852\/3_0?idFicheParent=N47#3_0\">des sp\u00e9cificit\u00e9s<\/a> s\u2019appliquent aux \u00e9lecteurs de Nouvelle-Cal\u00e9donie.<\/p>\n\n\n\n<h2 class=\"wp-block-heading\" id=\"titreChapitre_2518831224328336924\">Comment faire une demande de procuration en ligne ?<\/h2>\n\n\n\n<p>Pour faire une demande de procuration en ligne, vous devez&nbsp;:<\/p>\n\n\n\n<ul class=\"wp-block-list\">\n<li>vous rendre sur le t\u00e9l\u00e9service <a href=\"https:\/\/www.service-public.fr\/particuliers\/vosdroits\/R58939\">Maprocuration<\/a>&nbsp;et vous connecter via FranceConnect&nbsp;;<\/li>\n\n\n\n<li>saisir une adresse \u00e9lectronique&nbsp;;<\/li>\n\n\n\n<li>saisir votre commune de vote&nbsp;;<\/li>\n\n\n\n<li>renseigner les informations de l\u2019\u00e9lecteur \u00e0 qui vous faites procuration (vous devez conna\u00eetre sa date de naissance, ses pr\u00e9noms, son nom, la commune o\u00f9 il vote)&nbsp;;<\/li>\n\n\n\n<li>vous rendre en commissariat, en gendarmerie ou dans un lieu accueillant du public avec un justificatif d\u2019identit\u00e9 et le courrier \u00e9lectronique indiquant la r\u00e9f\u00e9rence de votre demande.<\/li>\n<\/ul>\n\n\n\n<p>Vous recevrez un r\u00e9c\u00e9piss\u00e9 de demande par courrier \u00e9lectronique, puis une validation ou invalidation de votre procuration.<\/p>\n\n\n\n<h2 class=\"wp-block-heading\" id=\"titreChapitre_4900805916408601271\">Comment faire une demande de procuration via un formulaire papier ?<\/h2>\n\n\n\n<p>Pour faire une demande de procuration via un formulaire papier, vous pouvez&nbsp;:<\/p>\n\n\n\n<ul class=\"wp-block-list\">\n<li>remplir <a href=\"https:\/\/www.service-public.fr\/particuliers\/vosdroits\/R12675\">le formulaire Cerfa n\u00b0 14952*03<\/a> chez vous et l\u2019imprimer (sur 2 feuilles, pas de recto-verso)&nbsp;;<\/li>\n\n\n\n<li>ou remplir un formulaire sur place dans un commissariat de police, une gendarmerie, un tribunal judiciaire ou un lieu accueillant du public (d\u00e9fini par le pr\u00e9fet).<\/li>\n<\/ul>\n\n\n\n<p>Dans les deux cas, vous devrez&nbsp;:<\/p>\n\n\n\n<ul class=\"wp-block-list\">\n<li>vous pr\u00e9senter en personne dans un commissariat de police, une gendarmerie, un tribunal judiciaire ou un lieu accueillant du public (d\u00e9fini par le pr\u00e9fet)&nbsp;;<\/li>\n\n\n\n<li>vous pr\u00e9senter avec le formulaire rempli et un justificatif d\u2019identit\u00e9&nbsp;;<\/li>\n\n\n\n<li>indiquer votre num\u00e9ro national d\u2019\u00e9lecteur&nbsp;;<\/li>\n\n\n\n<li>indiquer les noms, pr\u00e9noms, date de naissance et num\u00e9ro national d\u2019\u00e9lecteur de la personne \u00e0 qui vous faites procuration&nbsp;;<\/li>\n<\/ul>\n\n\n\n<p>Un r\u00e9c\u00e9piss\u00e9 vous sera remis.<\/p>\n\n\n\n<p>\u00c0 savoir &nbsp;<\/p>\n\n\n\n<p>Vous pouvez trouver votre num\u00e9ro national d\u2019\u00e9lecteur sur votre carte \u00e9lectorale ou sur le service en ligne \u00ab&nbsp;<a href=\"https:\/\/www.service-public.fr\/particuliers\/vosdroits\/services-en-ligne-et-formulaires\/ISE\">Interroger votre situation \u00e9lectorale<\/a>&nbsp;\u00bb&nbsp;disponible sur&nbsp;<em>Service-Public.fr<\/em>. Ce t\u00e9l\u00e9service vous permet \u00e9galement de retrouver vos procurations en cours (celles que vous avez faites ou dont vous \u00eates charg\u00e9).<\/p>\n","protected":false},"excerpt":{"rendered":"<p>\u00c9lections Europ\u00e9ennes \u2013 9 juin 2024 : Comment faire une demande de procuration de vote&nbsp;? Direction de l\u2019information l\u00e9gale et administrative (Premier ministre) \u2013 www.service-public.fr Vous serez absent le 9&nbsp;juin prochain&nbsp;? Vous pouvez donner procuration \u00e0 un \u00e9lecteur inscrit sur listes \u00e9lectorales afin qu\u2019il vote \u00e0 votre place. Service-Public.fr vous explique. Les \u00e9lections europ\u00e9ennes se [&hellip;]<\/p>\n","protected":false},"author":1,"featured_media":0,"parent":43,"menu_order":1,"comment_status":"closed","ping_status":"closed","template":"","meta":{"footnotes":""},"class_list":["post-333","page","type-page","status-publish","hentry"],"_links":{"self":[{"href":"https:\/\/mairie-prunet31.fr\/index.php?rest_route=\/wp\/v2\/pages\/333","targetHints":{"allow":["GET"]}}],"collection":[{"href":"https:\/\/mairie-prunet31.fr\/index.php?rest_route=\/wp\/v2\/pages"}],"about":[{"href":"https:\/\/mairie-prunet31.fr\/index.php?rest_route=\/wp\/v2\/types\/page"}],"author":[{"embeddable":true,"href":"https:\/\/mairie-prunet31.fr\/index.php?rest_route=\/wp\/v2\/users\/1"}],"replies":[{"embeddable":true,"href":"https:\/\/mairie-prunet31.fr\/index.php?rest_route=%2Fwp%2Fv2%2Fcomments&post=333"}],"version-history":[{"count":3,"href":"https:\/\/mairie-prunet31.fr\/index.php?rest_route=\/wp\/v2\/pages\/333\/revisions"}],"predecessor-version":[{"id":861,"href":"https:\/\/mairie-prunet31.fr\/index.php?rest_route=\/wp\/v2\/pages\/333\/revisions\/861"}],"up":[{"embeddable":true,"href":"https:\/\/mairie-prunet31.fr\/index.php?rest_route=\/wp\/v2\/pages\/43"}],"wp:attachment":[{"href":"https:\/\/mairie-prunet31.fr\/index.php?rest_route=%2Fwp%2Fv2%2Fmedia&parent=333"}],"curies":[{"name":"wp","href":"https:\/\/api.w.org\/{rel}","templated":true}]}}