{"id":12,"date":"2023-06-02T20:51:53","date_gmt":"2023-06-02T18:51:53","guid":{"rendered":"https:\/\/mairie-prunet31.fr\/?page_id=12"},"modified":"2024-11-11T11:17:28","modified_gmt":"2024-11-11T10:17:28","slug":"sortir","status":"publish","type":"page","link":"https:\/\/mairie-prunet31.fr\/?page_id=12","title":{"rendered":"Sortir"},"content":{"rendered":"\n<p>Bient\u00f4t les restaurants, activit\u00e9s, aires de jeu etc \u00e0 proximit\u00e9 de Prunet.<\/p>\n\n\n\n<p>Participer \u00e0 cette rubrique en nous envoyant les bons plans&#8230;<\/p>\n\n\n\n<figure class=\"wp-block-image size-large\"><img loading=\"lazy\" decoding=\"async\" width=\"1024\" height=\"576\" src=\"https:\/\/mairie-prunet31.fr\/wp-content\/uploads\/2024\/07\/page-en-cours-de-construction-2-1024x576.jpg\" alt=\"\" class=\"wp-image-371\" srcset=\"https:\/\/mairie-prunet31.fr\/wp-content\/uploads\/2024\/07\/page-en-cours-de-construction-2-1024x576.jpg 1024w, https:\/\/mairie-prunet31.fr\/wp-content\/uploads\/2024\/07\/page-en-cours-de-construction-2-300x169.jpg 300w, https:\/\/mairie-prunet31.fr\/wp-content\/uploads\/2024\/07\/page-en-cours-de-construction-2-768x432.jpg 768w, https:\/\/mairie-prunet31.fr\/wp-content\/uploads\/2024\/07\/page-en-cours-de-construction-2.jpg 1280w\" sizes=\"auto, (max-width: 1024px) 100vw, 1024px\" \/><\/figure>\n","protected":false},"excerpt":{"rendered":"<p>Bient\u00f4t les restaurants, activit\u00e9s, aires de jeu etc \u00e0 proximit\u00e9 de Prunet. Participer \u00e0 cette rubrique en nous envoyant les bons plans&#8230;<\/p>\n","protected":false},"author":1,"featured_media":0,"parent":0,"menu_order":0,"comment_status":"closed","ping_status":"closed","template":"","meta":{"footnotes":""},"class_list":["post-12","page","type-page","status-publish","hentry"],"_links":{"self":[{"href":"https:\/\/mairie-prunet31.fr\/index.php?rest_route=\/wp\/v2\/pages\/12","targetHints":{"allow":["GET"]}}],"collection":[{"href":"https:\/\/mairie-prunet31.fr\/index.php?rest_route=\/wp\/v2\/pages"}],"about":[{"href":"https:\/\/mairie-prunet31.fr\/index.php?rest_route=\/wp\/v2\/types\/page"}],"author":[{"embeddable":true,"href":"https:\/\/mairie-prunet31.fr\/index.php?rest_route=\/wp\/v2\/users\/1"}],"replies":[{"embeddable":true,"href":"https:\/\/mairie-prunet31.fr\/index.php?rest_route=%2Fwp%2Fv2%2Fcomments&post=12"}],"version-history":[{"count":4,"href":"https:\/\/mairie-prunet31.fr\/index.php?rest_route=\/wp\/v2\/pages\/12\/revisions"}],"predecessor-version":[{"id":876,"href":"https:\/\/mairie-prunet31.fr\/index.php?rest_route=\/wp\/v2\/pages\/12\/revisions\/876"}],"wp:attachment":[{"href":"https:\/\/mairie-prunet31.fr\/index.php?rest_route=%2Fwp%2Fv2%2Fmedia&parent=12"}],"curies":[{"name":"wp","href":"https:\/\/api.w.org\/{rel}","templated":true}]}}